{"id":726,"date":"2022-03-05T17:01:48","date_gmt":"2022-03-05T16:01:48","guid":{"rendered":"https:\/\/walthertreyz.com\/plus-one\/"},"modified":"2022-12-28T13:15:20","modified_gmt":"2022-12-28T12:15:20","slug":"plus-one","status":"publish","type":"page","link":"https:\/\/walthertreyz.com\/en\/plus-one\/","title":{"rendered":"plus one"},"content":{"rendered":"<div class=\"fusion-fullwidth fullwidth-box fusion-builder-row-1 fusion-flex-container fusion-parallax-none nonhundred-percent-fullwidth non-hundred-percent-height-scrolling\" style=\"--link_hover_color: var(--awb-color3);--awb-background-position:center top;--awb-border-radius-top-left:0px;--awb-border-radius-top-right:0px;--awb-border-radius-bottom-right:0px;--awb-border-radius-bottom-left:0px;--awb-padding-top:200px;--awb-padding-right:10px;--awb-padding-bottom:30px;--awb-padding-left:10px;--awb-background-image:linear-gradient(270deg, rgba(0,0,0,0.9) 0%,rgba(0,0,0,0.9) 15%),url(https:\/\/walthertreyz.com\/wp-content\/uploads\/sites\/7\/2022\/02\/music_bg-1.jpg);;--awb-background-size:cover;--awb-flex-wrap:wrap;\" ><div class=\"fusion-builder-row fusion-row fusion-flex-align-items-flex-start fusion-flex-content-wrap\" style=\"max-width:1040px;margin-left: calc(-4% \/ 2 );margin-right: calc(-4% \/ 2 );\"><div class=\"fusion-layout-column fusion_builder_column fusion-builder-column-0 fusion_builder_column_1_1 1_1 fusion-flex-column\" style=\"--awb-bg-size:cover;--awb-width-large:100%;--awb-margin-top-large:0px;--awb-spacing-right-large:1.92%;--awb-margin-bottom-large:20px;--awb-spacing-left-large:1.92%;--awb-width-medium:100%;--awb-order-medium:0;--awb-spacing-right-medium:1.92%;--awb-spacing-left-medium:1.92%;--awb-width-small:100%;--awb-order-small:0;--awb-spacing-right-small:1.92%;--awb-spacing-left-small:1.92%;\"><div class=\"fusion-column-wrapper fusion-column-has-shadow fusion-flex-justify-content-flex-start fusion-content-layout-column\"><div class=\"fusion-image-element \" style=\"--awb-caption-title-font-family:var(--h2_typography-font-family);--awb-caption-title-font-weight:var(--h2_typography-font-weight);--awb-caption-title-font-style:var(--h2_typography-font-style);--awb-caption-title-size:var(--h2_typography-font-size);--awb-caption-title-transform:var(--h2_typography-text-transform);--awb-caption-title-line-height:var(--h2_typography-line-height);--awb-caption-title-letter-spacing:var(--h2_typography-letter-spacing);\"><span class=\" fusion-imageframe imageframe-none imageframe-1 hover-type-none\"><img decoding=\"async\" width=\"1200\" height=\"675\" alt=\"plusone_picture01\" title=\"plusone_collage\" src=\"https:\/\/walthertreyz.com\/wp-content\/uploads\/sites\/7\/2022\/10\/plusone_collage-1200x675.jpg\" class=\"img-responsive wp-image-1256\" srcset=\"https:\/\/walthertreyz.com\/wp-content\/uploads\/sites\/7\/2022\/10\/plusone_collage-200x112.jpg 200w, https:\/\/walthertreyz.com\/wp-content\/uploads\/sites\/7\/2022\/10\/plusone_collage-400x225.jpg 400w, https:\/\/walthertreyz.com\/wp-content\/uploads\/sites\/7\/2022\/10\/plusone_collage-600x337.jpg 600w, https:\/\/walthertreyz.com\/wp-content\/uploads\/sites\/7\/2022\/10\/plusone_collage-800x450.jpg 800w, https:\/\/walthertreyz.com\/wp-content\/uploads\/sites\/7\/2022\/10\/plusone_collage-1200x675.jpg 1200w, https:\/\/walthertreyz.com\/wp-content\/uploads\/sites\/7\/2022\/10\/plusone_collage.jpg 1889w\" sizes=\"(max-width: 640px) 100vw, 1200px\" \/><\/span><\/div><div class=\"fusion-text fusion-text-1\" style=\"--awb-text-transform:none;--awb-margin-top:60px;\"><p><strong>plus one<\/strong> is the new live and recording project by Gudrun Walther and J\u00fcrgen Treyz.<\/p>\n<p style=\"font-weight: 400;\">They have invited five guests from different countries, and form a trio with each of them. The five musicians bring their own style and timbre into the project, covering the whole spectrum from Irish reels to Scandinavian polskas and from self-penned tunes to alpine yodeling!  Deeply rooted in traditional music, they all share a playful curiosity to expand their horizon as well as the ability to play empathically and adapt to each other.<\/p>\n<p style=\"font-weight: 400;\"><strong>plus one<\/strong> is both an album and a video project, which culminates in a one-off live show. The concert date is October 29th 2022, <a href=\"https:\/\/www.dieselstrasse.de\/home\/\" target=\"_blank\" rel=\"noopener\"><strong>Kulturzentrum Dieselstrasse, Esslingen, Germany<\/strong><\/a><\/p>\n<p style=\"font-weight: 400;\">The audience can look forward to five different trio combinations as well as a finale with all seven musicians, which promises to be the highlight of the evening. <\/p>\n<p style=\"font-weight: 400;\">The show will be live streamed to YouTube <a href=\"https:\/\/youtu.be\/cs4-L8RjEDE\" target=\"_blank\" rel=\"noopener\">Livestream<\/a> and will remain accessible for 48 hours after the performance.<\/p>\n<p>The musicians:<\/p>\n<p style=\"font-weight: 400;\"><strong>GUDRUN WALTHER<\/strong> vocals, fiddle<br \/>\n<strong>J\u00dcRGEN TREYZ<\/strong> guitar<\/p>\n<p><strong>ANDY CUTTING<\/strong><span style=\"font-weight: 400;\">(England) diatonic accordeon<br \/>\n<strong>KIRSTINE PEDERSEN<\/strong> (Denmark) cello<br \/>\n<strong>AARON JONES<\/strong> (Scotland) vocals, bouzouki<br \/>\n<strong>NUALA KENNEDY<\/strong> (Ireland) vocals, flute<br \/>\n<strong>ALBIN PAULUS<\/strong> (Austria) vocals, bagpipes, jawharp<\/span><\/p>\n<\/div><div class=\"fusion-title title fusion-title-1 fusion-sep-none fusion-title-text fusion-title-size-five\" style=\"--awb-margin-top:60px;--awb-margin-bottom:20px;--awb-margin-top-small:10px;--awb-margin-right-small:0px;--awb-margin-bottom-small:10px;--awb-margin-left-small:0px;\"><h5 class=\"fusion-title-heading title-heading-left fusion-responsive-typography-calculated\" style=\"margin:0;--fontSize:20;line-height:var(--awb-typography1-line-height);\">plus one &#8211; video trailer<\/h5><\/div><div class=\"fusion-video fusion-youtube\" style=\"--awb-max-width:1400px;--awb-max-height:788px;--awb-align-self:center;--awb-width:100%;\"><div class=\"video-shortcode\"><div class=\"fluid-width-video-wrapper\" style=\"padding-top:56.29%;\" ><iframe title=\"YouTube video player 1\" src=\"https:\/\/www.youtube.com\/embed\/bTmdoT4xOyk?wmode=transparent&autoplay=0&amp;rel=0\" width=\"1400\" height=\"788\" allowfullscreen allow=\"autoplay; clipboard-write; encrypted-media; gyroscope; picture-in-picture;\"><\/iframe><\/div><\/div><\/div><div class=\"fusion-title title fusion-title-2 fusion-sep-none fusion-title-text fusion-title-size-five\" style=\"--awb-margin-top:60px;--awb-margin-bottom:20px;--awb-margin-top-small:10px;--awb-margin-right-small:0px;--awb-margin-bottom-small:10px;--awb-margin-left-small:0px;\"><h5 class=\"fusion-title-heading title-heading-left fusion-responsive-typography-calculated\" style=\"margin:0;--fontSize:20;line-height:var(--awb-typography1-line-height);\">Gudrun Walther &amp; J\u00fcrgen Treyz &#8220;plus one&#8221;: Der Lindenschmid<\/h5><\/div><div class=\"fusion-video fusion-youtube\" style=\"--awb-max-width:1400px;--awb-max-height:788px;--awb-align-self:center;--awb-width:100%;\"><div class=\"video-shortcode\"><div class=\"fluid-width-video-wrapper\" style=\"padding-top:56.29%;\" ><iframe title=\"YouTube video player 2\" src=\"https:\/\/www.youtube.com\/embed\/vqWbSoZQ0sI?wmode=transparent&autoplay=0&amp;rel=0\" width=\"1400\" height=\"788\" allowfullscreen allow=\"autoplay; clipboard-write; encrypted-media; gyroscope; picture-in-picture;\"><\/iframe><\/div><\/div><\/div><div class=\"fusion-title title fusion-title-3 fusion-sep-none fusion-title-text fusion-title-size-five\" style=\"--awb-margin-top:60px;--awb-margin-bottom:20px;--awb-margin-top-small:10px;--awb-margin-right-small:0px;--awb-margin-bottom-small:10px;--awb-margin-left-small:0px;\"><h5 class=\"fusion-title-heading title-heading-left fusion-responsive-typography-calculated\" style=\"margin:0;--fontSize:20;line-height:var(--awb-typography1-line-height);\">Gudrun Walther &amp; J\u00fcrgen Treyz &#8220;plus one&#8221; featuring Aaron Jones: When I&#8217;m Gone \/ The First Waltz<\/h5><\/div><div class=\"fusion-video fusion-youtube\" style=\"--awb-max-width:1400px;--awb-max-height:788px;--awb-align-self:center;--awb-width:100%;\"><div class=\"video-shortcode\"><div class=\"fluid-width-video-wrapper\" style=\"padding-top:56.29%;\" ><iframe title=\"YouTube video player 3\" src=\"https:\/\/www.youtube.com\/embed\/tB_MTMo1g7Y?wmode=transparent&autoplay=0&amp;rel=0\" width=\"1400\" height=\"788\" allowfullscreen allow=\"autoplay; clipboard-write; encrypted-media; gyroscope; picture-in-picture;\"><\/iframe><\/div><\/div><\/div><div class=\"fusion-title title fusion-title-4 fusion-sep-none fusion-title-text fusion-title-size-five\" style=\"--awb-margin-top:60px;--awb-margin-bottom:20px;--awb-margin-top-small:10px;--awb-margin-right-small:0px;--awb-margin-bottom-small:10px;--awb-margin-left-small:0px;\"><h5 class=\"fusion-title-heading title-heading-left fusion-responsive-typography-calculated\" style=\"margin:0;--fontSize:20;line-height:var(--awb-typography1-line-height);\">Gudrun Walther &amp; J\u00fcrgen Treyz &#8220;plus one&#8221; featuring Andy Cutting: Trip To Prague \/ Maybe Someday<\/h5><\/div><div class=\"fusion-video fusion-youtube\" style=\"--awb-max-width:1400px;--awb-max-height:788px;--awb-align-self:center;--awb-width:100%;\"><div class=\"video-shortcode\"><div class=\"fluid-width-video-wrapper\" style=\"padding-top:56.29%;\" ><iframe title=\"YouTube video player 4\" src=\"https:\/\/www.youtube.com\/embed\/TMBxtg4ddU0?wmode=transparent&autoplay=0&amp;rel=0\" width=\"1400\" height=\"788\" allowfullscreen allow=\"autoplay; clipboard-write; encrypted-media; gyroscope; picture-in-picture;\"><\/iframe><\/div><\/div><\/div><div class=\"fusion-title title fusion-title-5 fusion-sep-none fusion-title-text fusion-title-size-five\" style=\"--awb-margin-top:60px;--awb-margin-bottom:20px;--awb-margin-top-small:10px;--awb-margin-right-small:0px;--awb-margin-bottom-small:10px;--awb-margin-left-small:0px;\"><h5 class=\"fusion-title-heading title-heading-left fusion-responsive-typography-calculated\" style=\"margin:0;--fontSize:20;line-height:var(--awb-typography1-line-height);\">Gudrun Walther &amp; J\u00fcrgen Treyz &#8220;plus one&#8221; featuring Nuala Kennedy: Aragon Mill<\/h5><\/div><div class=\"fusion-video fusion-youtube\" style=\"--awb-max-width:1400px;--awb-max-height:788px;--awb-align-self:center;--awb-width:100%;\"><div class=\"video-shortcode\"><div class=\"fluid-width-video-wrapper\" style=\"padding-top:56.29%;\" ><iframe title=\"YouTube video player 5\" src=\"https:\/\/www.youtube.com\/embed\/_wWZwybJITI?wmode=transparent&autoplay=0&amp;rel=0\" width=\"1400\" height=\"788\" allowfullscreen allow=\"autoplay; clipboard-write; encrypted-media; gyroscope; picture-in-picture;\"><\/iframe><\/div><\/div><\/div><div class=\"fusion-title title fusion-title-6 fusion-sep-none fusion-title-text fusion-title-size-five\" style=\"--awb-margin-top:60px;--awb-margin-bottom:20px;--awb-margin-top-small:10px;--awb-margin-right-small:0px;--awb-margin-bottom-small:10px;--awb-margin-left-small:0px;\"><h5 class=\"fusion-title-heading title-heading-left fusion-responsive-typography-calculated\" style=\"margin:0;--fontSize:20;line-height:var(--awb-typography1-line-height);\">Gudrun Walther &amp; J\u00fcrgen Treyz &#8220;plus one&#8221; featuring Albin Paulus: Es wollt&#8217; ein M\u00e4gdlein fr\u00fch aufstehn \/ Schottisch am Samstag<\/h5><\/div><div class=\"fusion-video fusion-youtube\" style=\"--awb-max-width:1400px;--awb-max-height:788px;--awb-align-self:center;--awb-width:100%;\"><div class=\"video-shortcode\"><div class=\"fluid-width-video-wrapper\" style=\"padding-top:56.29%;\" ><iframe title=\"YouTube video player 6\" src=\"https:\/\/www.youtube.com\/embed\/G_rr1QPTPFU?wmode=transparent&autoplay=0&amp;rel=0\" width=\"1400\" height=\"788\" allowfullscreen allow=\"autoplay; clipboard-write; encrypted-media; gyroscope; picture-in-picture;\"><\/iframe><\/div><\/div><\/div><div class=\"fusion-title title fusion-title-7 fusion-sep-none fusion-title-text fusion-title-size-five\" style=\"--awb-margin-top:60px;--awb-margin-bottom:20px;--awb-margin-top-small:10px;--awb-margin-right-small:0px;--awb-margin-bottom-small:10px;--awb-margin-left-small:0px;\"><h5 class=\"fusion-title-heading title-heading-left fusion-responsive-typography-calculated\" style=\"margin:0;--fontSize:20;line-height:var(--awb-typography1-line-height);\">Gudrun Walther &amp; J\u00fcrgen Treyz &#8220;plus one&#8221; featuring Kirstine Elise Pedersen: Hochzeitspolonaise f\u00fcr Nena und Filip<\/h5><\/div><div class=\"fusion-video fusion-youtube\" style=\"--awb-max-width:1400px;--awb-max-height:788px;--awb-align-self:center;--awb-width:100%;\"><div class=\"video-shortcode\"><div class=\"fluid-width-video-wrapper\" style=\"padding-top:56.29%;\" ><iframe title=\"YouTube video player 7\" src=\"https:\/\/www.youtube.com\/embed\/V7suBqczkL0?wmode=transparent&autoplay=0&amp;rel=0\" width=\"1400\" height=\"788\" allowfullscreen allow=\"autoplay; clipboard-write; encrypted-media; gyroscope; picture-in-picture;\"><\/iframe><\/div><\/div><\/div><div class=\"fusion-title title fusion-title-8 fusion-sep-none fusion-title-text fusion-title-size-five\" style=\"--awb-margin-top:60px;--awb-margin-bottom:20px;--awb-margin-top-small:10px;--awb-margin-right-small:0px;--awb-margin-bottom-small:10px;--awb-margin-left-small:0px;\"><h5 class=\"fusion-title-heading title-heading-left fusion-responsive-typography-calculated\" style=\"margin:0;--fontSize:20;line-height:var(--awb-typography1-line-height);\">Gudrun Walther &amp; J\u00fcrgen Treyz &#8220;plus one&#8221;: Falkenlied \/ Ziemetshauser Nr. 33<\/h5><\/div><div class=\"fusion-video fusion-youtube\" style=\"--awb-max-width:1400px;--awb-max-height:788px;--awb-align-self:center;--awb-width:100%;\"><div class=\"video-shortcode\"><div class=\"fluid-width-video-wrapper\" style=\"padding-top:56.29%;\" ><iframe title=\"YouTube video player 8\" src=\"https:\/\/www.youtube.com\/embed\/IJFIz0g09sk?wmode=transparent&autoplay=0&amp;rel=0\" width=\"1400\" height=\"788\" allowfullscreen allow=\"autoplay; clipboard-write; encrypted-media; gyroscope; picture-in-picture;\"><\/iframe><\/div><\/div><\/div><div class=\"fusion-text fusion-text-2\" style=\"--awb-margin-top:40px;\"><p>This project is funded by Neustart Kultur, a program of the german government.<\/p>\n<\/div><\/div><\/div><div class=\"fusion-layout-column fusion_builder_column fusion-builder-column-1 fusion_builder_column_1_3 1_3 fusion-flex-column\" style=\"--awb-bg-size:cover;--awb-width-large:33.333333333333%;--awb-margin-top-large:0px;--awb-spacing-right-large:5.76%;--awb-margin-bottom-large:20px;--awb-spacing-left-large:5.76%;--awb-width-medium:33.333333333333%;--awb-order-medium:0;--awb-spacing-right-medium:5.76%;--awb-spacing-left-medium:5.76%;--awb-width-small:100%;--awb-order-small:0;--awb-spacing-right-small:1.92%;--awb-spacing-left-small:1.92%;\"><div class=\"fusion-column-wrapper fusion-column-has-shadow fusion-flex-justify-content-flex-start fusion-content-layout-column\"><div class=\"fusion-image-element \" style=\"--awb-caption-title-font-family:var(--h2_typography-font-family);--awb-caption-title-font-weight:var(--h2_typography-font-weight);--awb-caption-title-font-style:var(--h2_typography-font-style);--awb-caption-title-size:var(--h2_typography-font-size);--awb-caption-title-transform:var(--h2_typography-text-transform);--awb-caption-title-line-height:var(--h2_typography-line-height);--awb-caption-title-letter-spacing:var(--h2_typography-letter-spacing);\"><span class=\" fusion-imageframe imageframe-none imageframe-2 hover-type-none\"><img decoding=\"async\" width=\"150\" height=\"150\" alt=\"neustart_kultur_logo\" title=\"Neustart_Kultur_Wortmarke_pos_RGB_fuer_digital\" src=\"https:\/\/walthertreyz.com\/wp-content\/uploads\/sites\/7\/2022\/03\/Neustart_Kultur_Wortmarke_pos_RGB_fuer_digital-150x150.jpg\" class=\"img-responsive wp-image-708\" srcset=\"https:\/\/walthertreyz.com\/wp-content\/uploads\/sites\/7\/2022\/03\/Neustart_Kultur_Wortmarke_pos_RGB_fuer_digital-66x66.jpg 66w, https:\/\/walthertreyz.com\/wp-content\/uploads\/sites\/7\/2022\/03\/Neustart_Kultur_Wortmarke_pos_RGB_fuer_digital-150x150.jpg 150w\" sizes=\"(max-width: 150px) 100vw, 150px\" \/><\/span><\/div><\/div><\/div><div class=\"fusion-layout-column fusion_builder_column fusion-builder-column-2 fusion_builder_column_1_3 1_3 fusion-flex-column\" style=\"--awb-bg-size:cover;--awb-width-large:33.333333333333%;--awb-margin-top-large:0px;--awb-spacing-right-large:5.76%;--awb-margin-bottom-large:20px;--awb-spacing-left-large:5.76%;--awb-width-medium:33.333333333333%;--awb-order-medium:0;--awb-spacing-right-medium:5.76%;--awb-spacing-left-medium:5.76%;--awb-width-small:100%;--awb-order-small:0;--awb-spacing-right-small:1.92%;--awb-spacing-left-small:1.92%;\"><div class=\"fusion-column-wrapper fusion-column-has-shadow fusion-flex-justify-content-flex-start fusion-content-layout-column\"><div class=\"fusion-image-element \" style=\"--awb-caption-title-font-family:var(--h2_typography-font-family);--awb-caption-title-font-weight:var(--h2_typography-font-weight);--awb-caption-title-font-style:var(--h2_typography-font-style);--awb-caption-title-size:var(--h2_typography-font-size);--awb-caption-title-transform:var(--h2_typography-text-transform);--awb-caption-title-line-height:var(--h2_typography-line-height);--awb-caption-title-letter-spacing:var(--h2_typography-letter-spacing);\"><span class=\" fusion-imageframe imageframe-none imageframe-3 hover-type-none\"><img decoding=\"async\" width=\"200\" height=\"86\" alt=\"bkm_logo\" title=\"BKM_Logo_Farbe\" src=\"https:\/\/walthertreyz.com\/wp-content\/uploads\/sites\/7\/2022\/03\/BKM_Logo_Farbe-1-200x86.jpg\" class=\"img-responsive wp-image-718\" srcset=\"https:\/\/walthertreyz.com\/wp-content\/uploads\/sites\/7\/2022\/03\/BKM_Logo_Farbe-1-200x86.jpg 200w, https:\/\/walthertreyz.com\/wp-content\/uploads\/sites\/7\/2022\/03\/BKM_Logo_Farbe-1-400x171.jpg 400w, https:\/\/walthertreyz.com\/wp-content\/uploads\/sites\/7\/2022\/03\/BKM_Logo_Farbe-1-600x257.jpg 600w, https:\/\/walthertreyz.com\/wp-content\/uploads\/sites\/7\/2022\/03\/BKM_Logo_Farbe-1-800x342.jpg 800w, https:\/\/walthertreyz.com\/wp-content\/uploads\/sites\/7\/2022\/03\/BKM_Logo_Farbe-1-1200x514.jpg 1200w\" sizes=\"(max-width: 640px) 100vw, 400px\" \/><\/span><\/div><\/div><\/div><div class=\"fusion-layout-column fusion_builder_column fusion-builder-column-3 fusion_builder_column_1_3 1_3 fusion-flex-column\" style=\"--awb-bg-size:cover;--awb-width-large:33.333333333333%;--awb-margin-top-large:0px;--awb-spacing-right-large:5.76%;--awb-margin-bottom-large:20px;--awb-spacing-left-large:5.76%;--awb-width-medium:33.333333333333%;--awb-order-medium:0;--awb-spacing-right-medium:5.76%;--awb-spacing-left-medium:5.76%;--awb-width-small:100%;--awb-order-small:0;--awb-spacing-right-small:1.92%;--awb-spacing-left-small:1.92%;\"><div class=\"fusion-column-wrapper fusion-column-has-shadow fusion-flex-justify-content-flex-start fusion-content-layout-column\"><div class=\"fusion-image-element \" style=\"--awb-caption-title-font-family:var(--h2_typography-font-family);--awb-caption-title-font-weight:var(--h2_typography-font-weight);--awb-caption-title-font-style:var(--h2_typography-font-style);--awb-caption-title-size:var(--h2_typography-font-size);--awb-caption-title-transform:var(--h2_typography-text-transform);--awb-caption-title-line-height:var(--h2_typography-line-height);--awb-caption-title-letter-spacing:var(--h2_typography-letter-spacing);\"><span class=\" fusion-imageframe imageframe-none imageframe-4 hover-type-none\"><img decoding=\"async\" width=\"200\" height=\"69\" alt=\"dmr_logo\" title=\"DMR_Logo_Orange_Blau_RGB_weisser_Hintergrund\" src=\"https:\/\/walthertreyz.com\/wp-content\/uploads\/sites\/7\/2022\/03\/DMR_Logo_Orange_Blau_RGB_weisser_Hintergrund-200x69.png\" class=\"img-responsive wp-image-722\" srcset=\"https:\/\/walthertreyz.com\/wp-content\/uploads\/sites\/7\/2022\/03\/DMR_Logo_Orange_Blau_RGB_weisser_Hintergrund-200x69.png 200w, https:\/\/walthertreyz.com\/wp-content\/uploads\/sites\/7\/2022\/03\/DMR_Logo_Orange_Blau_RGB_weisser_Hintergrund-400x137.png 400w, https:\/\/walthertreyz.com\/wp-content\/uploads\/sites\/7\/2022\/03\/DMR_Logo_Orange_Blau_RGB_weisser_Hintergrund-600x206.png 600w, https:\/\/walthertreyz.com\/wp-content\/uploads\/sites\/7\/2022\/03\/DMR_Logo_Orange_Blau_RGB_weisser_Hintergrund-800x275.png 800w, https:\/\/walthertreyz.com\/wp-content\/uploads\/sites\/7\/2022\/03\/DMR_Logo_Orange_Blau_RGB_weisser_Hintergrund.png 1100w\" sizes=\"(max-width: 640px) 100vw, 400px\" \/><\/span><\/div><\/div><\/div><\/div><\/div>\n","protected":false},"excerpt":{"rendered":"","protected":false},"author":3,"featured_media":0,"parent":0,"menu_order":0,"comment_status":"closed","ping_status":"closed","template":"100-width.php","meta":{"footnotes":""},"class_list":["post-726","page","type-page","status-publish","hentry"],"_links":{"self":[{"href":"https:\/\/walthertreyz.com\/en\/wp-json\/wp\/v2\/pages\/726","targetHints":{"allow":["GET"]}}],"collection":[{"href":"https:\/\/walthertreyz.com\/en\/wp-json\/wp\/v2\/pages"}],"about":[{"href":"https:\/\/walthertreyz.com\/en\/wp-json\/wp\/v2\/types\/page"}],"author":[{"embeddable":true,"href":"https:\/\/walthertreyz.com\/en\/wp-json\/wp\/v2\/users\/3"}],"replies":[{"embeddable":true,"href":"https:\/\/walthertreyz.com\/en\/wp-json\/wp\/v2\/comments?post=726"}],"version-history":[{"count":31,"href":"https:\/\/walthertreyz.com\/en\/wp-json\/wp\/v2\/pages\/726\/revisions"}],"predecessor-version":[{"id":1308,"href":"https:\/\/walthertreyz.com\/en\/wp-json\/wp\/v2\/pages\/726\/revisions\/1308"}],"wp:attachment":[{"href":"https:\/\/walthertreyz.com\/en\/wp-json\/wp\/v2\/media?parent=726"}],"curies":[{"name":"wp","href":"https:\/\/api.w.org\/{rel}","templated":true}]}}